{"id":8078,"date":"2025-12-12T16:44:17","date_gmt":"2025-12-12T15:44:17","guid":{"rendered":"https:\/\/www2igg.cnr.it\/?page_id=8078"},"modified":"2026-03-10T12:28:17","modified_gmt":"2026-03-10T11:28:17","slug":"servizio-remote","status":"publish","type":"page","link":"https:\/\/www.igg.cnr.it\/en\/infrastrutture\/servizio-remote\/","title":{"rendered":"Servizio REMOTE"},"content":{"rendered":"<div class=\"wp-block-columns is-layout-flex wp-container-core-columns-is-layout-9d6595d7 wp-block-columns-is-layout-flex\">\n<div class=\"wp-block-column is-layout-flow wp-block-column-is-layout-flow\" style=\"flex-basis:66.66%\">\n<p style=\"border-radius:8px\">ReMoTe \u00e8 un servizio Istituzionale dell&#8217;Area Territoriale di Ricerca del CNR di Pisa, formato da un Gruppo di Lavoro, il quale coinvolge pi\u00f9 Istituti CNR (<a href=\"https:\/\/www.igg.cnr.it\/en\/\" target=\"_blank\" rel=\"noreferrer noopener\">IGG<\/a>,&nbsp;<a href=\"https:\/\/www.ifc.cnr.it\/index.php\/it\/\" target=\"_blank\" rel=\"noreferrer noopener\">IFC<\/a>, <a href=\"https:\/\/www.isti.cnr.it\/\" target=\"_blank\" rel=\"noreferrer noopener\">ISTI<\/a>, <a href=\"https:\/\/www.iit.cnr.it\/\" target=\"_blank\" rel=\"noreferrer noopener\">IIT<\/a>, <a href=\"https:\/\/www.ibe.cnr.it\/\">IBE<\/a>), dedicato al supporto per le attivit\u00e0&nbsp; di&nbsp; Ricerca&nbsp; dove&nbsp; si ritiene necessario l\u2019utilizzo della tecnologia SAPR, Sistema Aeromobile a Pilotaggio Remoto meglio conosciuta come drone.<\/p>\n\n\n\n<p>Il servizio prevede:<\/p>\n\n\n\n<ul class=\"wp-block-list\">\n<li>la gestione completa dei SAPR;<\/li>\n\n\n\n<li>la personalizzazione dei sistemi di bordo in funzione dei dati da acquisire;<\/li>\n\n\n\n<li>un team di pilotaggio qualificato;<\/li>\n\n\n\n<li>la gestione autorizzativa per ogni singola attivit\u00e0 di volo (rilasciata dall\u2019ENAC, Ente Nazionale Aviazione Civile);<\/li>\n\n\n\n<li>l\u2019invio in realtime dei dati acquisiti grazie all\u2019attrezzatura e banda satellitare;<\/li>\n<\/ul>\n\n\n\n<p style=\"border-radius:8px\">ReMoTe \u00e8 da anni coinvolto nel supporto di molteplici attivit\u00e0 di ricerca e sviluppo interdisciplinare, interne ed esterne al CNR. Il GdL \u00e8 infatti impiegato nella prototipazione di droni ad hoc, equipaggiati con strumentazione RGB, Multispettrale e termica che permettono di eseguire missioni con diverse finalit\u00e0; e nel trasporto di sensoristica innovativa, che proviene dalla catena di ricerca e viene poi utilizzata successivamente in campo su una catena tecnica operativa. Le applicazioni tecnico- scientifiche, spaziano dal monitoraggio della qualit\u00e0 dell\u2019aria, alla produzione agroalimentare, dalla sicurezza pubblica alla salvaguardia del territorio, tutti temi che si riflettono, direttamente e indirettamente, sul benessere della collettivit\u00e0.<\/p>\n\n\n\n<div style=\"height:20px\" aria-hidden=\"true\" class=\"wp-block-spacer\"><\/div>\n\n\n\n\n\n<figure class=\"wp-block-gallery has-nested-images columns-default is-cropped wp-block-gallery-1 is-layout-flex wp-block-gallery-is-layout-flex\">\n\n<\/figure>\n\n\n\n<div class=\"wp-block-essential-blocks-infobox  root-eb-infobox-u2dke\"><div class=\"eb-parent-wrapper eb-parent-eb-infobox-u2dke\"><div class=\"eb-infobox-u2dke eb-infobox-wrapper\"><div class=\"infobox-wrapper-inner\"><div class=\"icon-img-wrapper\"><div class=\"eb-icon number-or-icon\"><i icon=\"fas fa-database\" class=\"fas fa-database eb-infobox-icon-data-selector\"><\/i><\/div><\/div><div class=\"contents-wrapper\"><h6 class=\"title\"><strong>REMOTE Data Repository<br><\/strong><a href=\"https:\/\/metadati.remote.adrpi.cnr.it\/srv\/ita\/catalog.search#\/home\" target=\"_blank\" rel=\"noreferrer noopener\">Catalogo dei metadati REMOTE <\/a><br><a href=\"https:\/\/commons.datacite.org\/repositories\/rpak.rbwahs\" target=\"_blank\" rel=\"noreferrer noopener\">REMOTE @ DataCite<\/a><a href=\"https:\/\/itineris.cnr.it\/\" target=\"_blank\" rel=\"noreferrer noopener\"> <\/a><br><br><strong>Data Manager<\/strong><br>letizia.costanza@cnr.it<br><a href=\"https:\/\/www.brp.cnr.it\/?page_id=167\" target=\"_blank\" rel=\"noreferrer noopener\"><br><\/a><\/h6><\/div><\/div><\/div><\/div><\/div>\n<\/div>\n\n\n\n<div class=\"wp-block-column is-layout-flow wp-block-column-is-layout-flow\" style=\"flex-basis:40%\">\n<figure class=\"wp-block-image size-full\"><a href=\"https:\/\/remote.adrpi.cnr.it\/\"><img loading=\"lazy\" decoding=\"async\" width=\"727\" height=\"253\" src=\"https:\/\/www.igg.cnr.it\/wp-content\/uploads\/2025\/12\/Logo-2.jpg\" alt=\"\" class=\"wp-image-8081\" srcset=\"https:\/\/www.igg.cnr.it\/wp-content\/uploads\/2025\/12\/Logo-2.jpg 727w, https:\/\/www.igg.cnr.it\/wp-content\/uploads\/2025\/12\/Logo-2-300x104.jpg 300w\" sizes=\"auto, (max-width: 727px) 100vw, 727px\" \/><\/a><\/figure>\n\n\n\n<div style=\"height:20px\" aria-hidden=\"true\" class=\"wp-block-spacer\"><\/div>\n\n\n\n<div class=\"wp-block-essential-blocks-infobox  root-eb-infobox-8dc77\"><div class=\"eb-parent-wrapper eb-parent-eb-infobox-8dc77\"><div class=\"eb-infobox-8dc77 eb-infobox-wrapper\"><div class=\"infobox-wrapper-inner\"><div class=\"icon-img-wrapper\"><div class=\"eb-icon number-or-icon\"><i icon=\"fas fa-user\" class=\"fas fa-user eb-infobox-icon-data-selector\"><\/i><\/div><\/div><div class=\"contents-wrapper\"><h6 class=\"title\"><strong>Responsable<br><\/strong>Andrea Berton<br><\/h6><\/div><\/div><\/div><\/div><\/div>\n\n\n\n<div style=\"height:20px\" aria-hidden=\"true\" class=\"wp-block-spacer\"><\/div>\n\n\n\n<div class=\"wp-block-essential-blocks-infobox  root-eb-infobox-pp9sl\"><div class=\"eb-parent-wrapper eb-parent-eb-infobox-pp9sl\"><div class=\"eb-infobox-pp9sl eb-infobox-wrapper\"><div class=\"infobox-wrapper-inner\"><div class=\"icon-img-wrapper\"><div class=\"eb-icon number-or-icon\"><i icon=\"fas fa-envelope\" class=\"fas fa-envelope eb-infobox-icon-data-selector\"><\/i><\/div><\/div><div class=\"contents-wrapper\"><h6 class=\"title\"><strong>Contacts<br><\/strong>andrea.berton@cnr.it<strong><br><\/strong>remote.adrpi@cnr.it<\/h6><\/div><\/div><\/div><\/div><\/div>\n\n\n\n<div style=\"height:20px\" aria-hidden=\"true\" class=\"wp-block-spacer\"><\/div>\n\n\n\n<div class=\"wp-block-essential-blocks-infobox  root-eb-infobox-axng4\"><div class=\"eb-parent-wrapper eb-parent-eb-infobox-axng4\"><div class=\"eb-infobox-axng4 eb-infobox-wrapper\"><div class=\"infobox-wrapper-inner\"><div class=\"icon-img-wrapper\"><div class=\"eb-icon number-or-icon\"><i icon=\"far fa-address-card\" class=\"far fa-address-card eb-infobox-icon-data-selector\"><\/i><\/div><\/div><div class=\"contents-wrapper\"><h6 class=\"title\"><strong>Istituti Afferenti<\/strong><br>CNR-IGG<br>CNR-IFC<br>CNR-ISTI<br>CNR-IIT<br>CNR-IBE<strong><br><\/strong><\/h6><\/div><\/div><\/div><\/div><\/div>\n\n\n\n<div style=\"height:20px\" aria-hidden=\"true\" class=\"wp-block-spacer\"><\/div>\n\n\n\n<div class=\"wp-block-essential-blocks-infobox  root-eb-infobox-ntm9z\"><div class=\"eb-parent-wrapper eb-parent-eb-infobox-ntm9z\"><div class=\"eb-infobox-ntm9z eb-infobox-wrapper\"><div class=\"infobox-wrapper-inner\"><div class=\"icon-img-wrapper\"><div class=\"eb-icon number-or-icon\"><i icon=\"fas fa-link\" class=\"fas fa-link eb-infobox-icon-data-selector\"><\/i><\/div><\/div><div class=\"contents-wrapper\"><h6 class=\"title\"><strong>Useful links<br><\/strong><a href=\"https:\/\/remote.adrpi.cnr.it\/\">Sito web REMOTE<br><\/a><a href=\"https:\/\/www.cnr.it\/it\/gestione-flotta-droni-uas\" target=\"_blank\" rel=\"noreferrer noopener\">GdL CNR Gestione UAS (droni)<\/a><br><\/h6><\/div><\/div><\/div><\/div><\/div>\n<\/div>\n<\/div>\n\n\n\n<h2 class=\"wp-block-heading\">Gallery<\/h2>\n\n\n\n<p>Una raccolta di immagini che raccontano il Servizio REMOTE<\/p>\n\n\n\n<div class=\"wp-block-essential-blocks-image-gallery  root-eb-image-gallery-8gmvc\"><div class=\"eb-parent-wrapper eb-parent-eb-image-gallery-8gmvc\"><div class=\"eb-gallery-img-wrapper eb-image-gallery-8gmvc preset-4 v2 grid null enable-isotope\" data-id=\"eb-image-gallery-8gmvc\" data-default-filter=\"*\" data-searchfilter=\"false\"><div data-type=\"image\" class=\"eb-gallery-img-content  eb-filter-img-\"><div class=\"eb-gallery-link-wrapper\"><img decoding=\"async\" class=\"eb-gallery-img\" src=\"https:\/\/www.igg.cnr.it\/wp-content\/uploads\/2025\/12\/WhatsApp-Image-2025-12-12-at-17.50.37.jpeg\" image-index=\"1\" alt=\"\"\/><div class=\"eb-img-gallery-overlay\"><div class=\"eb-img-gallery-actions\"><a href=\"https:\/\/www.igg.cnr.it\/wp-content\/uploads\/2025\/12\/WhatsApp-Image-2025-12-12-at-17.50.37.jpeg\" data-fslightbox=\"gallery\" class=\"eb-img-gallery-action\"><i icon=\"far fa-eye\" class=\"far fa-eye\"><\/i><\/a><\/div><\/div><\/div><\/div><div data-type=\"image\" class=\"eb-gallery-img-content  eb-filter-img-\"><div class=\"eb-gallery-link-wrapper\"><img decoding=\"async\" class=\"eb-gallery-img\" src=\"https:\/\/www.igg.cnr.it\/wp-content\/uploads\/2025\/12\/IMG_9948-scaled.jpeg\" image-index=\"2\" alt=\"\"\/><div class=\"eb-img-gallery-overlay\"><div class=\"eb-img-gallery-actions\"><a href=\"https:\/\/www.igg.cnr.it\/wp-content\/uploads\/2025\/12\/IMG_9948-scaled.jpeg\" data-fslightbox=\"gallery\" class=\"eb-img-gallery-action\"><i icon=\"far fa-eye\" class=\"far fa-eye\"><\/i><\/a><\/div><\/div><\/div><\/div><\/div><\/div><\/div>","protected":false},"excerpt":{"rendered":"<p>ReMoTe \u00e8 un servizio Istituzionale dell&#8217;Area Territoriale di Ricerca del CNR di Pisa, formato da un Gruppo di Lavoro, il quale coinvolge pi\u00f9 Istituti CNR (IGG,&nbsp;IFC, ISTI, IIT, IBE), dedicato al supporto per le attivit\u00e0&nbsp; di&nbsp; Ricerca&nbsp; dove&nbsp; si ritiene necessario l\u2019utilizzo della tecnologia SAPR, Sistema Aeromobile a Pilotaggio Remoto meglio conosciuta come drone. Il&hellip;&nbsp;<\/p>","protected":false},"author":1,"featured_media":3242,"parent":28,"menu_order":0,"comment_status":"closed","ping_status":"closed","template":"","meta":{"_eb_attr":"","neve_meta_sidebar":"","neve_meta_container":"","neve_meta_enable_content_width":"","neve_meta_content_width":0,"neve_meta_title_alignment":"","neve_meta_author_avatar":"","neve_post_elements_order":"","neve_meta_disable_header":"","neve_meta_disable_footer":"","neve_meta_disable_title":"","footnotes":""},"folder":[36],"class_list":["post-8078","page","type-page","status-publish","has-post-thumbnail","hentry"],"_links":{"self":[{"href":"https:\/\/www.igg.cnr.it\/en\/wp-json\/wp\/v2\/pages\/8078","targetHints":{"allow":["GET"]}}],"collection":[{"href":"https:\/\/www.igg.cnr.it\/en\/wp-json\/wp\/v2\/pages"}],"about":[{"href":"https:\/\/www.igg.cnr.it\/en\/wp-json\/wp\/v2\/types\/page"}],"author":[{"embeddable":true,"href":"https:\/\/www.igg.cnr.it\/en\/wp-json\/wp\/v2\/users\/1"}],"replies":[{"embeddable":true,"href":"https:\/\/www.igg.cnr.it\/en\/wp-json\/wp\/v2\/comments?post=8078"}],"version-history":[{"count":11,"href":"https:\/\/www.igg.cnr.it\/en\/wp-json\/wp\/v2\/pages\/8078\/revisions"}],"predecessor-version":[{"id":11557,"href":"https:\/\/www.igg.cnr.it\/en\/wp-json\/wp\/v2\/pages\/8078\/revisions\/11557"}],"up":[{"embeddable":true,"href":"https:\/\/www.igg.cnr.it\/en\/wp-json\/wp\/v2\/pages\/28"}],"wp:featuredmedia":[{"embeddable":true,"href":"https:\/\/www.igg.cnr.it\/en\/wp-json\/wp\/v2\/media\/3242"}],"wp:attachment":[{"href":"https:\/\/www.igg.cnr.it\/en\/wp-json\/wp\/v2\/media?parent=8078"}],"wp:term":[{"taxonomy":"folder","embeddable":true,"href":"https:\/\/www.igg.cnr.it\/en\/wp-json\/wp\/v2\/folder?post=8078"}],"curies":[{"name":"wp","href":"https:\/\/api.w.org\/{rel}","templated":true}]}}