{"id":3949,"date":"2025-11-06T17:07:30","date_gmt":"2025-11-06T16:07:30","guid":{"rendered":"https:\/\/www2igg.cnr.it\/?page_id=3949"},"modified":"2026-03-12T15:02:47","modified_gmt":"2026-03-12T14:02:47","slug":"sedepavia","status":"publish","type":"page","link":"https:\/\/www.igg.cnr.it\/en\/sedepavia\/","title":{"rendered":"SedePavia"},"content":{"rendered":"<div style=\"height:20px\" aria-hidden=\"true\" class=\"wp-block-spacer\"><\/div>\n\n\n\n<div class=\"wp-block-essential-blocks-row alignfull  root-eb-row-ek8wh\"><div class=\"eb-parent-wrapper eb-parent-eb-row-ek8wh\"><div class=\"eb-row-root-container eb-row-ek8wh\" data-id=\"eb-row-ek8wh\"><div class=\"eb-row-wrapper\"><div class=\"eb-row-inner\">\n<div class=\"wp-block-essential-blocks-column  root-eb-column-dwq85\"><div class=\"eb-parent-wrapper eb-parent-eb-column-dwq85\"><div class=\"eb-column-wrapper eb-column-dwq85\"><div class=\"eb-column-inner\">\n<div class=\"wp-block-cover\" style=\"border-radius:6px;min-height:200px;aspect-ratio:unset;\"><img loading=\"lazy\" decoding=\"async\" width=\"1024\" height=\"414\" class=\"wp-block-cover__image-background wp-image-1792\" alt=\"\" src=\"https:\/\/www.igg.cnr.it\/wp-content\/uploads\/2025\/09\/image-3.png\" data-object-fit=\"cover\" srcset=\"https:\/\/www.igg.cnr.it\/wp-content\/uploads\/2025\/09\/image-3.png 1024w, https:\/\/www.igg.cnr.it\/wp-content\/uploads\/2025\/09\/image-3-300x121.png 300w, https:\/\/www.igg.cnr.it\/wp-content\/uploads\/2025\/09\/image-3-768x311.png 768w\" sizes=\"auto, (max-width: 1024px) 100vw, 1024px\" \/><span aria-hidden=\"true\" class=\"wp-block-cover__background has-neve-text-color-background-color has-background-dim\"><\/span><div class=\"wp-block-cover__inner-container is-layout-flow wp-block-cover-is-layout-flow\">\n<h1 class=\"wp-block-heading has-text-align-center has-nv-site-bg-color has-text-color has-link-color has-medium-font-size wp-elements-65d1d969b70c142acdf918134e4a5fc9\"><strong>Pisa<\/strong><\/h1>\n\n\n<div class=\"wp-block-image\">\n<figure class=\"aligncenter size-full is-resized\"><a href=\"https:\/\/www.igg.cnr.it\/en\/sedepisa\/\"><img loading=\"lazy\" decoding=\"async\" width=\"256\" height=\"256\" src=\"https:\/\/www.igg.cnr.it\/wp-content\/uploads\/2025\/10\/arrow-edited.png\" alt=\"\" class=\"wp-image-3523\" style=\"width:26px;height:auto\" srcset=\"https:\/\/www.igg.cnr.it\/wp-content\/uploads\/2025\/10\/arrow-edited.png 256w, https:\/\/www.igg.cnr.it\/wp-content\/uploads\/2025\/10\/arrow-edited-150x150.png 150w\" sizes=\"auto, (max-width: 256px) 100vw, 256px\" \/><\/a><\/figure>\n<\/div><\/div><\/div>\n<\/div><\/div><\/div><\/div>\n\n\n\n<div class=\"wp-block-essential-blocks-column  root-eb-column-kaj89\"><div class=\"eb-parent-wrapper eb-parent-eb-column-kaj89\"><div class=\"eb-column-wrapper eb-column-kaj89\"><div class=\"eb-column-inner\">\n<div class=\"wp-block-cover\" style=\"border-radius:6px;min-height:200px;aspect-ratio:unset;\"><img loading=\"lazy\" decoding=\"async\" width=\"1024\" height=\"383\" class=\"wp-block-cover__image-background wp-image-1800 size-full\" alt=\"\" src=\"https:\/\/www.igg.cnr.it\/wp-content\/uploads\/2025\/09\/image-4.png\" data-object-fit=\"cover\" srcset=\"https:\/\/www.igg.cnr.it\/wp-content\/uploads\/2025\/09\/image-4.png 1024w, https:\/\/www.igg.cnr.it\/wp-content\/uploads\/2025\/09\/image-4-300x112.png 300w, https:\/\/www.igg.cnr.it\/wp-content\/uploads\/2025\/09\/image-4-768x287.png 768w\" sizes=\"auto, (max-width: 1024px) 100vw, 1024px\" \/><span aria-hidden=\"true\" class=\"wp-block-cover__background has-background-dim\"><\/span><div class=\"wp-block-cover__inner-container is-layout-constrained wp-block-cover-is-layout-constrained\">\n<h1 class=\"wp-block-heading has-text-align-center has-link-color has-medium-font-size wp-elements-c938b412361c69d6da1556e2435eaaf3\"><strong>Florence<\/strong><\/h1>\n\n\n<div class=\"wp-block-image\">\n<figure class=\"aligncenter size-full is-resized\"><a href=\"https:\/\/www.igg.cnr.it\/en\/sedefirenze\/\"><img loading=\"lazy\" decoding=\"async\" width=\"256\" height=\"256\" src=\"https:\/\/www.igg.cnr.it\/wp-content\/uploads\/2025\/10\/arrow-edited.png\" alt=\"\" class=\"wp-image-3523\" style=\"width:26px;height:auto\" srcset=\"https:\/\/www.igg.cnr.it\/wp-content\/uploads\/2025\/10\/arrow-edited.png 256w, https:\/\/www.igg.cnr.it\/wp-content\/uploads\/2025\/10\/arrow-edited-150x150.png 150w\" sizes=\"auto, (max-width: 256px) 100vw, 256px\" \/><\/a><\/figure>\n<\/div><\/div><\/div>\n<\/div><\/div><\/div><\/div>\n\n\n\n<div class=\"wp-block-essential-blocks-column  root-eb-column-dxrp5\"><div class=\"eb-parent-wrapper eb-parent-eb-column-dxrp5\"><div class=\"eb-column-wrapper eb-column-dxrp5\"><div class=\"eb-column-inner\">\n<div class=\"wp-block-cover\" style=\"border-radius:6px;min-height:200px;aspect-ratio:unset;\"><img loading=\"lazy\" decoding=\"async\" width=\"2560\" height=\"1440\" class=\"wp-block-cover__image-background wp-image-4770 size-full\" alt=\"\" src=\"https:\/\/www.igg.cnr.it\/wp-content\/uploads\/2025\/11\/sede_padova-scaled.jpg\" style=\"object-position:18% 49%\" data-object-fit=\"cover\" data-object-position=\"18% 49%\" srcset=\"https:\/\/www.igg.cnr.it\/wp-content\/uploads\/2025\/11\/sede_padova-scaled.jpg 2560w, https:\/\/www.igg.cnr.it\/wp-content\/uploads\/2025\/11\/sede_padova-300x169.jpg 300w, https:\/\/www.igg.cnr.it\/wp-content\/uploads\/2025\/11\/sede_padova-1024x576.jpg 1024w, https:\/\/www.igg.cnr.it\/wp-content\/uploads\/2025\/11\/sede_padova-768x432.jpg 768w, https:\/\/www.igg.cnr.it\/wp-content\/uploads\/2025\/11\/sede_padova-1536x864.jpg 1536w, https:\/\/www.igg.cnr.it\/wp-content\/uploads\/2025\/11\/sede_padova-2048x1152.jpg 2048w\" sizes=\"auto, (max-width: 2560px) 100vw, 2560px\" \/><span aria-hidden=\"true\" class=\"wp-block-cover__background has-neve-text-color-background-color has-background-dim\"><\/span><div class=\"wp-block-cover__inner-container is-layout-constrained wp-block-cover-is-layout-constrained\">\n<h1 class=\"wp-block-heading has-text-align-center has-nv-site-bg-color has-text-color has-link-color has-medium-font-size wp-elements-fee5c9749eaaba796558ea2e69722f34\"><strong>Padua<\/strong><\/h1>\n\n\n<div class=\"wp-block-image\">\n<figure class=\"aligncenter size-full is-resized\"><a href=\"https:\/\/www.igg.cnr.it\/en\/sedepadova\/\"><img loading=\"lazy\" decoding=\"async\" width=\"256\" height=\"256\" src=\"https:\/\/www.igg.cnr.it\/wp-content\/uploads\/2025\/10\/arrow-edited.png\" alt=\"\" class=\"wp-image-3523\" style=\"width:26px;height:auto\" srcset=\"https:\/\/www.igg.cnr.it\/wp-content\/uploads\/2025\/10\/arrow-edited.png 256w, https:\/\/www.igg.cnr.it\/wp-content\/uploads\/2025\/10\/arrow-edited-150x150.png 150w\" sizes=\"auto, (max-width: 256px) 100vw, 256px\" \/><\/a><\/figure>\n<\/div><\/div><\/div>\n<\/div><\/div><\/div><\/div>\n\n\n\n<div class=\"wp-block-essential-blocks-column  root-eb-column-uqy2h\"><div class=\"eb-parent-wrapper eb-parent-eb-column-uqy2h\"><div class=\"eb-column-wrapper eb-column-uqy2h\"><div class=\"eb-column-inner\">\n<div class=\"wp-block-cover\" style=\"border-radius:6px;min-height:200px;aspect-ratio:unset;\"><img loading=\"lazy\" decoding=\"async\" width=\"1024\" height=\"400\" class=\"wp-block-cover__image-background wp-image-1810 size-full\" alt=\"\" src=\"https:\/\/www.igg.cnr.it\/wp-content\/uploads\/2025\/09\/image-7.png\" data-object-fit=\"cover\" srcset=\"https:\/\/www.igg.cnr.it\/wp-content\/uploads\/2025\/09\/image-7.png 1024w, https:\/\/www.igg.cnr.it\/wp-content\/uploads\/2025\/09\/image-7-300x117.png 300w, https:\/\/www.igg.cnr.it\/wp-content\/uploads\/2025\/09\/image-7-768x300.png 768w\" sizes=\"auto, (max-width: 1024px) 100vw, 1024px\" \/><span aria-hidden=\"true\" class=\"wp-block-cover__background has-custom-6-background-color has-background-dim-80 has-background-dim\"><\/span><div class=\"wp-block-cover__inner-container is-layout-constrained wp-block-cover-is-layout-constrained\">\n<h1 class=\"wp-block-heading has-text-align-center has-nv-site-bg-color has-text-color has-link-color has-medium-font-size wp-elements-56a31178ce85fea281ed4cdc4eee7778\"><strong>Pavia<\/strong><\/h1>\n\n\n<div class=\"wp-block-image\">\n<figure class=\"aligncenter size-full is-resized\"><a href=\"https:\/\/www.igg.cnr.it\/en\/sedepavia\/\"><img loading=\"lazy\" decoding=\"async\" width=\"256\" height=\"256\" src=\"https:\/\/www.igg.cnr.it\/wp-content\/uploads\/2025\/10\/arrow-edited.png\" alt=\"\" class=\"wp-image-3523\" style=\"width:26px;height:auto\" srcset=\"https:\/\/www.igg.cnr.it\/wp-content\/uploads\/2025\/10\/arrow-edited.png 256w, https:\/\/www.igg.cnr.it\/wp-content\/uploads\/2025\/10\/arrow-edited-150x150.png 150w\" sizes=\"auto, (max-width: 256px) 100vw, 256px\" \/><\/a><\/figure>\n<\/div><\/div><\/div>\n<\/div><\/div><\/div><\/div>\n\n\n\n<div class=\"wp-block-essential-blocks-column  root-eb-column-6rcdl\"><div class=\"eb-parent-wrapper eb-parent-eb-column-6rcdl\"><div class=\"eb-column-wrapper eb-column-6rcdl\"><div class=\"eb-column-inner\">\n<div class=\"wp-block-cover\" style=\"border-radius:6px;min-height:200px;aspect-ratio:unset;\"><img loading=\"lazy\" decoding=\"async\" width=\"1024\" height=\"383\" class=\"wp-block-cover__image-background wp-image-1813 size-full\" alt=\"\" src=\"https:\/\/www.igg.cnr.it\/wp-content\/uploads\/2025\/09\/image-9.png\" data-object-fit=\"cover\" srcset=\"https:\/\/www.igg.cnr.it\/wp-content\/uploads\/2025\/09\/image-9.png 1024w, https:\/\/www.igg.cnr.it\/wp-content\/uploads\/2025\/09\/image-9-300x112.png 300w, https:\/\/www.igg.cnr.it\/wp-content\/uploads\/2025\/09\/image-9-768x287.png 768w\" sizes=\"auto, (max-width: 1024px) 100vw, 1024px\" \/><span aria-hidden=\"true\" class=\"wp-block-cover__background has-neve-text-color-background-color has-background-dim\"><\/span><div class=\"wp-block-cover__inner-container is-layout-constrained wp-block-cover-is-layout-constrained\">\n<h1 class=\"wp-block-heading has-text-align-center has-nv-site-bg-color has-text-color has-link-color has-medium-font-size wp-elements-c63411b2c9a287839a9eca14e82f2366\"><strong>Turin<\/strong><\/h1>\n\n\n<div class=\"wp-block-image\">\n<figure class=\"aligncenter size-full is-resized\"><a href=\"https:\/\/www.igg.cnr.it\/en\/sedetorino\/\"><img loading=\"lazy\" decoding=\"async\" width=\"256\" height=\"256\" src=\"https:\/\/www.igg.cnr.it\/wp-content\/uploads\/2025\/10\/arrow-edited.png\" alt=\"\" class=\"wp-image-3523\" style=\"width:26px;height:auto\" srcset=\"https:\/\/www.igg.cnr.it\/wp-content\/uploads\/2025\/10\/arrow-edited.png 256w, https:\/\/www.igg.cnr.it\/wp-content\/uploads\/2025\/10\/arrow-edited-150x150.png 150w\" sizes=\"auto, (max-width: 256px) 100vw, 256px\" \/><\/a><\/figure>\n<\/div><\/div><\/div>\n<\/div><\/div><\/div><\/div>\n\n\n\n<div class=\"wp-block-essential-blocks-column  root-eb-column-jann2\"><div class=\"eb-parent-wrapper eb-parent-eb-column-jann2\"><div class=\"eb-column-wrapper eb-column-jann2\"><div class=\"eb-column-inner\">\n<div class=\"wp-block-cover\" style=\"border-radius:6px;min-height:200px;aspect-ratio:unset;\"><img loading=\"lazy\" decoding=\"async\" width=\"1024\" height=\"576\" class=\"wp-block-cover__image-background wp-image-2670 size-large\" alt=\"\" src=\"https:\/\/www.igg.cnr.it\/wp-content\/uploads\/2025\/10\/DipMIFT3c_0-1024x576.jpg\" data-object-fit=\"cover\" srcset=\"https:\/\/www.igg.cnr.it\/wp-content\/uploads\/2025\/10\/DipMIFT3c_0-1024x576.jpg 1024w, https:\/\/www.igg.cnr.it\/wp-content\/uploads\/2025\/10\/DipMIFT3c_0-300x169.jpg 300w, https:\/\/www.igg.cnr.it\/wp-content\/uploads\/2025\/10\/DipMIFT3c_0-768x432.jpg 768w, https:\/\/www.igg.cnr.it\/wp-content\/uploads\/2025\/10\/DipMIFT3c_0.jpg 1090w\" sizes=\"auto, (max-width: 1024px) 100vw, 1024px\" \/><span aria-hidden=\"true\" class=\"wp-block-cover__background has-neve-text-color-background-color has-background-dim\"><\/span><div class=\"wp-block-cover__inner-container is-layout-constrained wp-block-cover-is-layout-constrained\">\n<h1 class=\"wp-block-heading has-text-align-center has-nv-site-bg-color has-text-color has-link-color has-medium-font-size wp-elements-98a737af9dab4421fe8219a6a57f2f77\"><strong>Messina<\/strong><\/h1>\n\n\n<div class=\"wp-block-image\">\n<figure class=\"aligncenter size-full is-resized\"><a href=\"https:\/\/www.igg.cnr.it\/en\/sedemessina\/\"><img loading=\"lazy\" decoding=\"async\" width=\"256\" height=\"256\" src=\"https:\/\/www.igg.cnr.it\/wp-content\/uploads\/2025\/10\/arrow-edited.png\" alt=\"\" class=\"wp-image-3523\" style=\"width:26px;height:auto\" srcset=\"https:\/\/www.igg.cnr.it\/wp-content\/uploads\/2025\/10\/arrow-edited.png 256w, https:\/\/www.igg.cnr.it\/wp-content\/uploads\/2025\/10\/arrow-edited-150x150.png 150w\" sizes=\"auto, (max-width: 256px) 100vw, 256px\" \/><\/a><\/figure>\n<\/div><\/div><\/div>\n<\/div><\/div><\/div><\/div>\n<\/div><\/div><\/div><\/div><\/div>\n\n\n\n<div style=\"height:20px\" aria-hidden=\"true\" class=\"wp-block-spacer\"><\/div>\n\n\n\n<div class=\"wp-block-essential-blocks-advanced-heading  root-eb-advance-heading-o1ekm\"><div class=\"eb-parent-wrapper eb-parent-eb-advance-heading-o1ekm\"><div class=\"eb-advance-heading-wrapper eb-advance-heading-o1ekm button-1\" data-id=\"eb-advance-heading-o1ekm\"><h2 class=\"eb-ah-title\"><span class=\"first-title\">Secondari Unit in Pavia<\/span><\/h2><\/div><\/div><\/div>\n\n\n\n<p><\/p>\n\n\n\n<p>The IGG Secondary Branch in Pavia is hosted by the Department of Earth and Environmental Sciences (DSTA) of the University of Pavia.<\/p>\n\n\n\n<p>A key feature of this facility is the simultaneous availability of advanced instrumentation and expertise in single-crystal X-ray diffraction at room temperature and high temperatures (up to 1000\u00b0C). The establishment, in the late 1980s, of a Secondary Ion Mass Spectrometry (SIMS) laboratory has enabled the in situ chemical characterization of solid samples at small scales (microns to tens of microns). The first and still only SIMS laboratory operating in Earth Sciences in Italy has enabled the quantitative analysis of trace and ultratrace elements (from H to U) directly on thin rock sections or single crystals. Combining petrographic evidence with geological, mineralogical, geochemical, and crystallographic information, interdisciplinary research has been developed, leading to petrogenetic modeling of the investigated rock system and opening new lines of research in experimental petrology and materials science.<\/p>\n\n\n\n<p>In the second half of the 1990s, the National Antarctic Research Program (PNRA) added the Laser Ablation Inductively Coupled Plasma Mass Spectrometry (LA-ICP-MS) laboratory. With this new instrumentation, in addition to the determination of trace and ultratrace constituents in a wide variety of solid matrices, it was possible to undertake rock dating according to the U-Th-Pb systematic.<\/p>\n\n\n\n<p>Over the years, the equipment has been significantly improved.<br><\/p>\n\n\n\n<div class=\"wp-block-essential-blocks-advanced-heading  root-eb-advance-heading-74gzu\"><div class=\"eb-parent-wrapper eb-parent-eb-advance-heading-74gzu\"><div class=\"eb-advance-heading-wrapper eb-advance-heading-74gzu button-1\" data-id=\"eb-advance-heading-74gzu\"><h2 class=\"eb-ah-title\"><span class=\"first-title\">Contacts<\/span><\/h2><\/div><\/div><\/div>\n\n\n\n<div class=\"wp-block-columns is-layout-flex wp-container-core-columns-is-layout-9d6595d7 wp-block-columns-is-layout-flex\">\n<div class=\"wp-block-column is-layout-flow wp-block-column-is-layout-flow\">\n<div class=\"wp-block-essential-blocks-infobox  root-eb-infobox-b4ls1\"><div class=\"eb-parent-wrapper eb-parent-eb-infobox-b4ls1\"><div class=\"eb-infobox-b4ls1 eb-infobox-wrapper\"><div class=\"infobox-wrapper-inner\"><div class=\"icon-img-wrapper\"><div class=\"eb-icon number-or-icon\"><i icon=\"fas fa-user\" class=\"fas fa-user eb-infobox-icon-data-selector\"><\/i><\/div><\/div><div class=\"contents-wrapper\"><h6 class=\"title\"><strong>Head of Unit<\/strong><br><strong><br><\/strong>Dott. Alberto Zanetti<br>Phone: +39 0382 985867<br>email: <a href=\"mailto:ottolini@crystal.unipv.it\">zanetti@igg.cnr.it\u00a0<\/a>\u2013\u00a0<a href=\"mailto:zanetti@crystal.unipv.it\">zanetti@crystal.unipv.it<\/a>\u00a0\u00a0<br><\/h6><\/div><\/div><\/div><\/div><\/div>\n<\/div>\n\n\n\n<div class=\"wp-block-column is-layout-flow wp-block-column-is-layout-flow\">\n<div class=\"wp-block-essential-blocks-infobox  root-eb-infobox-i5dvc\"><div class=\"eb-parent-wrapper eb-parent-eb-infobox-i5dvc\"><div class=\"eb-infobox-i5dvc eb-infobox-wrapper\"><div class=\"infobox-wrapper-inner\"><div class=\"icon-img-wrapper\"><div class=\"eb-icon number-or-icon\"><i icon=\"fas fa-users\" class=\"fas fa-users eb-infobox-icon-data-selector\"><\/i><\/div><\/div><div class=\"contents-wrapper\"><h6 class=\"title\"><strong>Secretariat\/Administration<\/strong><br><strong><br><\/strong>Telefono: 0382 985753<br>email:\u00a0<a href=\"mailto:segreteria.firenze@igg.cnr.it\" target=\"_blank\" rel=\"noreferrer noopener\">segreteria.firenze@igg.cnr.it<\/a><br><br><br><\/h6><\/div><\/div><\/div><\/div><\/div>\n<\/div>\n\n\n\n<div class=\"wp-block-column is-layout-flow wp-block-column-is-layout-flow\">\n<div class=\"wp-block-essential-blocks-infobox  root-eb-infobox-6w7jx\"><div class=\"eb-parent-wrapper eb-parent-eb-infobox-6w7jx\"><div class=\"eb-infobox-6w7jx eb-infobox-wrapper\"><div class=\"infobox-wrapper-inner\"><div class=\"icon-img-wrapper\"><div class=\"eb-icon number-or-icon\"><i icon=\"far fa-map\" class=\"far fa-map eb-infobox-icon-data-selector\"><\/i><\/div><\/div><div class=\"contents-wrapper\"><h5 class=\"title\"><strong>Where we are<\/strong><br><strong><br><\/strong>IGG \u2013 Sede Secondaria di Pavia, <br><a href=\"https:\/\/maps.app.goo.gl\/FpmQjiZBv1iG6GCF8\" target=\"_blank\" rel=\"noreferrer noopener\">Via A. Ferrata 1, 27100 \u2013 Pavia<br><\/a>Fax: 0382 985887<br><br><\/h5><\/div><\/div><\/div><\/div><\/div>\n<\/div>\n<\/div>\n\n\n\n<div class=\"wp-block-columns is-layout-flex wp-container-core-columns-is-layout-9d6595d7 wp-block-columns-is-layout-flex\">\n<div class=\"wp-block-column is-layout-flow wp-block-column-is-layout-flow\"><\/div>\n<\/div>\n\n\n<div class=\"wp-block-image\">\n<figure class=\"aligncenter size-full\"><img loading=\"lazy\" decoding=\"async\" width=\"1024\" height=\"400\" src=\"https:\/\/www.igg.cnr.it\/wp-content\/uploads\/2025\/09\/image-8.png\" alt=\"\" class=\"wp-image-1811\" srcset=\"https:\/\/www.igg.cnr.it\/wp-content\/uploads\/2025\/09\/image-8.png 1024w, https:\/\/www.igg.cnr.it\/wp-content\/uploads\/2025\/09\/image-8-300x117.png 300w, https:\/\/www.igg.cnr.it\/wp-content\/uploads\/2025\/09\/image-8-768x300.png 768w\" sizes=\"auto, (max-width: 1024px) 100vw, 1024px\" \/><\/figure>\n<\/div>\n\n\n<p><br><br><\/p>","protected":false},"excerpt":{"rendered":"<p>La Sede Secondaria IGG di Pavia \u00e8 ospitata presso il Dipartimento di Scienze della Terra e dell\u2019Ambiente (DSTA) dell\u2019Universit\u00e0 di Pavia. Caratteristica essenziale di questa Sede \u00e8 la contemporanea disponibilit\u00e0 di strumentazione e competenze avanzate nella diffrattometria dei raggi X su cristallo singolo a temperatura ambiente e ad alta temperatura (fino a 1000\u00b0C) e l\u2019attivazione,&hellip;&nbsp;<\/p>","protected":false},"author":1,"featured_media":0,"parent":0,"menu_order":0,"comment_status":"closed","ping_status":"closed","template":"","meta":{"_eb_attr":"","neve_meta_sidebar":"","neve_meta_container":"","neve_meta_enable_content_width":"","neve_meta_content_width":0,"neve_meta_title_alignment":"","neve_meta_author_avatar":"","neve_post_elements_order":"","neve_meta_disable_header":"","neve_meta_disable_footer":"","neve_meta_disable_title":"on","footnotes":""},"folder":[],"class_list":["post-3949","page","type-page","status-publish","hentry"],"_links":{"self":[{"href":"https:\/\/www.igg.cnr.it\/en\/wp-json\/wp\/v2\/pages\/3949","targetHints":{"allow":["GET"]}}],"collection":[{"href":"https:\/\/www.igg.cnr.it\/en\/wp-json\/wp\/v2\/pages"}],"about":[{"href":"https:\/\/www.igg.cnr.it\/en\/wp-json\/wp\/v2\/types\/page"}],"author":[{"embeddable":true,"href":"https:\/\/www.igg.cnr.it\/en\/wp-json\/wp\/v2\/users\/1"}],"replies":[{"embeddable":true,"href":"https:\/\/www.igg.cnr.it\/en\/wp-json\/wp\/v2\/comments?post=3949"}],"version-history":[{"count":13,"href":"https:\/\/www.igg.cnr.it\/en\/wp-json\/wp\/v2\/pages\/3949\/revisions"}],"predecessor-version":[{"id":11584,"href":"https:\/\/www.igg.cnr.it\/en\/wp-json\/wp\/v2\/pages\/3949\/revisions\/11584"}],"wp:attachment":[{"href":"https:\/\/www.igg.cnr.it\/en\/wp-json\/wp\/v2\/media?parent=3949"}],"wp:term":[{"taxonomy":"folder","embeddable":true,"href":"https:\/\/www.igg.cnr.it\/en\/wp-json\/wp\/v2\/folder?post=3949"}],"curies":[{"name":"wp","href":"https:\/\/api.w.org\/{rel}","templated":true}]}}